{"id":133,"date":"2013-08-06T16:46:13","date_gmt":"2013-08-06T16:46:13","guid":{"rendered":"http:\/\/doctor.madza-wordpress-premium-themes.com\/?page_id=6"},"modified":"2025-03-05T11:56:21","modified_gmt":"2025-03-05T10:56:21","slug":"homepage","status":"publish","type":"page","link":"http:\/\/www.fisioss.it\/sito\/","title":{"rendered":"Homepage"},"content":{"rendered":"<p>[vc_row][vc_column][vc_column_text css_animation=&#8221;top-to-bottom&#8221;]<\/p>\n<h2>Fisioterapia Sassari<\/h2>\n<p>I dottori Andrea Giordo, Simone Unali e Raffaele Cabizza, laureati in fisioterapia presso l\u2019Universit\u00e0 degli studi di Sassari, garantiscono ai propri pazienti non un semplice trattamento fisioterapico ma un percorso riabilitativo all\u2019interno del quale il paziente stesso viene accolto con gentilezza e riaccompagnato con assoluta professionalit\u00e0 ed efficienza allo svolgimento delle proprie attivit\u00e0 quotidiane. Tutto ci\u00f2 \u00e8 reso possibile attraverso il continuo aggiornamento da parte del nostro staff e dalla determinazione nello stare al passo con il progresso tecnologico e scientifico in campo fisioterapico. Lo studio \u00e8 dotato delle pi\u00f9 moderne e sofisticate apparecchiature elettromedicali presenti sul mercato. Il nostro impegno quotidiano si estende anche in ambito sportivo: da anni collaboriamo con numerose e importanti societ\u00e0 sportive della provincia di Sassari, tra le quali anche la Dinamo Banco di Sardegna Sassari. Alcuni dei nostri servizi: massoterapia, massoterapia linfodrenante, trattamento trigger point, manipolazioni fisioterapiche, chinesiterapia distrettuale, rieducazione neuromotoria, ginnastica posturale, ginnastica posturale secondo la metodica mezieres, ginnastica posturale secondo la metodica mckenzie, rinforzo muscolare personalizzato, Diatermia capacitivo-resistiva (tecarterapia), ipertermia, laser ad alta potenza nd yag, onde d\u2019urto radiali, ultrasuonoterapia, elettroterapia, magnetoterapia, pressoterapia, crioterapia computerizzata.[\/vc_column_text][\/vc_column][\/vc_row]<\/p>\n","protected":false},"excerpt":{"rendered":"<p>[vc_row][vc_column][vc_column_text css_animation=&#8221;top-to-bottom&#8221;] Fisioterapia Sassari I dottori Andrea Giordo, Simone Unali e Raffaele Cabizza, laureati in fisioterapia presso l\u2019Universit\u00e0 degli studi di Sassari, garantiscono ai propri pazienti non un semplice trattamento fisioterapico ma un percorso riabilitativo all\u2019interno del quale il paziente stesso viene accolto con gentilezza e riaccompagnato con assoluta professionalit\u00e0 ed efficienza allo svolgimento delle proprie attivit\u00e0 quotidiane. Tutto ci\u00f2 \u00e8 reso possibile attraverso il continuo aggiornamento da parte del nostro staff e dalla determinazione nello stare al passo con il progresso tecnologico e scientifico in campo fisioterapico. Lo studio \u00e8 dotato delle pi\u00f9 moderne e sofisticate apparecchiature elettromedicali presenti sul mercato. Il nostro impegno quotidiano si estende anche in ambito sportivo: da anni collaboriamo con numerose e importanti societ\u00e0 sportive della provincia di Sassari, tra le quali anche la Dinamo Banco di Sardegna Sassari. Alcuni dei nostri servizi: massoterapia, massoterapia linfodrenante, trattamento trigger point, manipolazioni fisioterapiche, chinesiterapia distrettuale, rieducazione neuromotoria, ginnastica posturale, ginnastica posturale secondo la metodica mezieres, ginnastica posturale secondo la metodica mckenzie, rinforzo muscolare personalizzato, Diatermia capacitivo-resistiva (tecarterapia), ipertermia, laser ad alta potenza nd yag, onde d\u2019urto radiali, ultrasuonoterapia, elettroterapia, magnetoterapia, pressoterapia, crioterapia computerizzata.[\/vc_column_text][\/vc_column][\/vc_row]<\/p>\n","protected":false},"author":1,"featured_media":0,"parent":0,"menu_order":0,"comment_status":"open","ping_status":"open","template":"","meta":[],"_links":{"self":[{"href":"http:\/\/www.fisioss.it\/sito\/wp-json\/wp\/v2\/pages\/133"}],"collection":[{"href":"http:\/\/www.fisioss.it\/sito\/wp-json\/wp\/v2\/pages"}],"about":[{"href":"http:\/\/www.fisioss.it\/sito\/wp-json\/wp\/v2\/types\/page"}],"author":[{"embeddable":true,"href":"http:\/\/www.fisioss.it\/sito\/wp-json\/wp\/v2\/users\/1"}],"replies":[{"embeddable":true,"href":"http:\/\/www.fisioss.it\/sito\/wp-json\/wp\/v2\/comments?post=133"}],"version-history":[{"count":5,"href":"http:\/\/www.fisioss.it\/sito\/wp-json\/wp\/v2\/pages\/133\/revisions"}],"predecessor-version":[{"id":389,"href":"http:\/\/www.fisioss.it\/sito\/wp-json\/wp\/v2\/pages\/133\/revisions\/389"}],"wp:attachment":[{"href":"http:\/\/www.fisioss.it\/sito\/wp-json\/wp\/v2\/media?parent=133"}],"curies":[{"name":"wp","href":"https:\/\/api.w.org\/{rel}","templated":true}]}}