{"id":344,"date":"2015-04-13T10:54:46","date_gmt":"2015-04-13T08:54:46","guid":{"rendered":"http:\/\/www.fisioss.it\/sito\/?page_id=344"},"modified":"2017-01-27T16:37:11","modified_gmt":"2017-01-27T15:37:11","slug":"fisioss","status":"publish","type":"page","link":"http:\/\/www.fisioss.it\/sito\/fisioss\/","title":{"rendered":"Fisioss"},"content":{"rendered":"<p>[vc_row][vc_column][vc_single_image image=&#8221;369&#8243; img_size=&#8221;full&#8221;][\/vc_column][vc_column][vc_column_text]<\/p>\n<p style=\"text-align: justify;\">Studio fisioterapico Fisioss I dottori Andrea Giordo,Simone Unali e Raffaele Cabizza laureati in fisioterapia presso l\u2019universita degli studi di Sassari,garantiscono ai propri pazienti non un semplice trattamento fisioterapico ma un percorso riabilitativo all\u2019interno del quale il paziente stesso viene accolto con gentilezza e riaccompagnato con assoluta professionalit\u00e0 ed efficienza allo svolgimento delle proprie attivit\u00e0 quotidiane. Tutto ci\u00f2 \u00e8 reso possibile attraverso il continuo aggiornamento da parte del nostro staff e dalla determinazione nello stare al passo con il progresso tecnologico e scientifico in campo fisioterapico; lo studio \u00e8 infatti dotato delle pi\u00f9 moderne e sofisticate apparecchiature elettromedicali presenti sul mercato. Il nostro impegno quotidiano si estende anche in ambito sportivo dove da anni collaboriamo con numerose ed importanti societ\u00e0 sportive sparse nel territorio della provincia di sassari,tra le quali anche la Dinamo Banco di Sardegna Sassari.<\/p>\n<p>[\/vc_column_text][\/vc_column][\/vc_row]<\/p>\n","protected":false},"excerpt":{"rendered":"<p>[vc_row][vc_column][vc_single_image image=&#8221;369&#8243; img_size=&#8221;full&#8221;][\/vc_column][vc_column][vc_column_text] Studio fisioterapico Fisioss I dottori Andrea Giordo,Simone Unali e Raffaele Cabizza laureati in fisioterapia presso l\u2019universita degli studi di Sassari,garantiscono ai propri pazienti non un semplice trattamento fisioterapico ma un percorso riabilitativo all\u2019interno del quale il paziente stesso viene accolto con gentilezza e riaccompagnato con assoluta professionalit\u00e0 ed efficienza allo svolgimento delle proprie attivit\u00e0 quotidiane. Tutto ci\u00f2 \u00e8 reso possibile attraverso il continuo aggiornamento da parte del nostro staff e dalla determinazione nello stare al passo con il progresso tecnologico e scientifico in campo fisioterapico; lo studio \u00e8 infatti dotato delle pi\u00f9 moderne e sofisticate apparecchiature elettromedicali presenti sul mercato. Il nostro impegno quotidiano si estende anche in ambito sportivo dove da anni collaboriamo con numerose ed importanti societ\u00e0 sportive sparse nel territorio della provincia di sassari,tra le quali anche la Dinamo Banco di Sardegna Sassari. [\/vc_column_text][\/vc_column][\/vc_row]<\/p>\n","protected":false},"author":1,"featured_media":0,"parent":0,"menu_order":0,"comment_status":"open","ping_status":"open","template":"","meta":[],"_links":{"self":[{"href":"http:\/\/www.fisioss.it\/sito\/wp-json\/wp\/v2\/pages\/344"}],"collection":[{"href":"http:\/\/www.fisioss.it\/sito\/wp-json\/wp\/v2\/pages"}],"about":[{"href":"http:\/\/www.fisioss.it\/sito\/wp-json\/wp\/v2\/types\/page"}],"author":[{"embeddable":true,"href":"http:\/\/www.fisioss.it\/sito\/wp-json\/wp\/v2\/users\/1"}],"replies":[{"embeddable":true,"href":"http:\/\/www.fisioss.it\/sito\/wp-json\/wp\/v2\/comments?post=344"}],"version-history":[{"count":3,"href":"http:\/\/www.fisioss.it\/sito\/wp-json\/wp\/v2\/pages\/344\/revisions"}],"predecessor-version":[{"id":376,"href":"http:\/\/www.fisioss.it\/sito\/wp-json\/wp\/v2\/pages\/344\/revisions\/376"}],"wp:attachment":[{"href":"http:\/\/www.fisioss.it\/sito\/wp-json\/wp\/v2\/media?parent=344"}],"curies":[{"name":"wp","href":"https:\/\/api.w.org\/{rel}","templated":true}]}}